{"id":41,"date":"2024-09-22T09:50:33","date_gmt":"2024-09-22T09:50:33","guid":{"rendered":"http:\/\/oberst.fr\/?page_id=41"},"modified":"2024-10-07T19:40:54","modified_gmt":"2024-10-07T19:40:54","slug":"lunivers-du-modelisme","status":"publish","type":"page","link":"https:\/\/oberst.fr\/?page_id=41","title":{"rendered":"L&rsquo;univers du mod\u00e9lisme"},"content":{"rendered":"\n<h2 class=\"wp-block-heading\">Les Warhammer Seigneur des anneaux<\/h2>\n\n\n\n<p class=\"has-background\" style=\"background-color:#d9d9d9\">Lecteur du seigneur des anneaux, cet univers m\u2019a tr\u00e8s vite int\u00e9ress\u00e9 par sa compl\u00e9tude. Gr\u00e2ce \u00e0 mon cousin j\u2019ai d\u00e9couvert les figurines de Game Workshop<\/p>\n\n\n\n<h2 class=\"wp-block-heading\">Les maquettes 2nd guerre mondiale<\/h2>\n\n\n\n<p class=\"has-background\" style=\"background-color:#d9d9d9\">Point de d\u00e9part de mon univers de mod\u00e9lisme, l\u2019aviation anglaise a ouvert le bal. Sont ensuite arriv\u00e9 les allemands pour challenger les forces en pr\u00e9sence. Les Am\u00e9ricains ont renforc\u00e9s les alli\u00e9s en faiblesse, suivi par une myriade d\u2019arm\u00e9es pour varier et fournir des sc\u00e9narios toujours int\u00e9ressants<br><\/p>\n\n\n\n<h2 class=\"wp-block-heading\">Les maquettes de l\u2019\u00e8re moderne<\/h2>\n\n\n\n<p class=\"has-background\" style=\"background-color:#d9d9d9\">Suite logique dans mon \u00e9volution de mod\u00e9lisme. Ces derniers temps je cherche \u00e0 travers cette passion de lier le mat\u00e9riel que l\u2019on trouve aujourd\u2019hui dans nos arm\u00e9es et les maquettes. Le plaisir de contempler dans la vitrine un rafale apr\u00e8s \u00eatre mont\u00e9 sur un de ces chasseur au Bourget est in\u00e9galable<\/p>\n\n\n\n<p><\/p>\n","protected":false},"excerpt":{"rendered":"<p>Les Warhammer Seigneur des anneaux Lecteur du seigneur des anneaux, cet univers m\u2019a tr\u00e8s vite int\u00e9ress\u00e9 par sa compl\u00e9tude. Gr\u00e2ce \u00e0 mon cousin j\u2019ai d\u00e9couvert les figurines de Game Workshop Les maquettes 2nd guerre mondiale Point de d\u00e9part de mon univers de mod\u00e9lisme, l\u2019aviation anglaise a ouvert le bal. Sont [&hellip;]<\/p>\n","protected":false},"author":1,"featured_media":62,"parent":0,"menu_order":0,"comment_status":"closed","ping_status":"closed","template":"","meta":{"_themeisle_gutenberg_block_has_review":false,"footnotes":""},"class_list":["post-41","page","type-page","status-publish","has-post-thumbnail","hentry"],"_links":{"self":[{"href":"https:\/\/oberst.fr\/index.php?rest_route=\/wp\/v2\/pages\/41","targetHints":{"allow":["GET"]}}],"collection":[{"href":"https:\/\/oberst.fr\/index.php?rest_route=\/wp\/v2\/pages"}],"about":[{"href":"https:\/\/oberst.fr\/index.php?rest_route=\/wp\/v2\/types\/page"}],"author":[{"embeddable":true,"href":"https:\/\/oberst.fr\/index.php?rest_route=\/wp\/v2\/users\/1"}],"replies":[{"embeddable":true,"href":"https:\/\/oberst.fr\/index.php?rest_route=%2Fwp%2Fv2%2Fcomments&post=41"}],"version-history":[{"count":2,"href":"https:\/\/oberst.fr\/index.php?rest_route=\/wp\/v2\/pages\/41\/revisions"}],"predecessor-version":[{"id":56,"href":"https:\/\/oberst.fr\/index.php?rest_route=\/wp\/v2\/pages\/41\/revisions\/56"}],"wp:featuredmedia":[{"embeddable":true,"href":"https:\/\/oberst.fr\/index.php?rest_route=\/wp\/v2\/media\/62"}],"wp:attachment":[{"href":"https:\/\/oberst.fr\/index.php?rest_route=%2Fwp%2Fv2%2Fmedia&parent=41"}],"curies":[{"name":"wp","href":"https:\/\/api.w.org\/{rel}","templated":true}]}}