{"id":45,"date":"2024-09-22T09:51:54","date_gmt":"2024-09-22T09:51:54","guid":{"rendered":"http:\/\/oberst.fr\/?page_id=45"},"modified":"2024-10-07T19:43:02","modified_gmt":"2024-10-07T19:43:02","slug":"about-me","status":"publish","type":"page","link":"https:\/\/oberst.fr\/?page_id=45","title":{"rendered":"About me"},"content":{"rendered":"\n<p>Bonjour je suis Thomas, alias l&rsquo;Oberst.<\/p>\n\n\n\n<p>Je suis n\u00e9 en juin 99, j\u2019habite en Ile de France. J\u2019ai fait mon \u00e9tude sup\u00e9rieure \u00e0 l\u2019EPITA, je suis dipl\u00f4me, promotion 2022. J\u2019ai un peu voyage, en Espagne tr\u00e8s fr\u00e9quemment, en Italie, en Angleterre et aux Etats Unis, la Caroline du Nord et New York.<\/p>\n\n\n\n<p>J\u2019ai repris le tennis r\u00e9cemment et avant je nageais. Je fais aussi du ski nautique, du laser (le voilier) et de la planche \u00e0 voile.<\/p>\n\n\n\n<p>Je suis un chr\u00e9tien catholique et j\u2019ai fais de nombreuses ann\u00e9es de scoutisme. Je mets maintenant mes talents au service de mes engagements, paroisse associations\u2026<\/p>\n\n\n\n<details class=\"wp-block-details has-background is-layout-flow wp-block-details-is-layout-flow\" style=\"background-color:#d9d9d9\"><summary>Pourquoi ce site&nbsp;?<\/summary>\n<p class=\"has-background\" style=\"background-color:#d9d9d9\">C\u2019est tout d\u2019abord un d\u00e9fi technique de r\u00e9aliser de A-Z un site web. J\u2019ai r\u00e9cup\u00e9r\u00e9 mes machines, je me suis achet\u00e9 un NAS et un Firewall pour maitriser un peu plus mon r\u00e9seau. C\u2019est aussi le support le plus adapte pour vous partager mes passions, artistiques ou techniques.<\/p>\n<\/details>\n\n\n\n<p><\/p>\n\n\n\n<details class=\"wp-block-details has-background is-layout-flow wp-block-details-is-layout-flow\" style=\"background-color:#d9d9d9\"><summary>Pourquoi Oberst<\/summary>\n<p>Cela provient de mon pseudo sur mon jeu vid\u00e9o principal, World Of Tank. Je l\u2019ai raccourci pour \u00e9viter de faire apparaitre les fautes d\u2019orthographes du pseudo originel<\/p>\n<\/details>\n\n\n\n<p><\/p>\n","protected":false},"excerpt":{"rendered":"<p>Bonjour je suis Thomas, alias l&rsquo;Oberst. Je suis n\u00e9 en juin 99, j\u2019habite en Ile de France. J\u2019ai fait mon \u00e9tude sup\u00e9rieure \u00e0 l\u2019EPITA, je suis dipl\u00f4me, promotion 2022. J\u2019ai un peu voyage, en Espagne tr\u00e8s fr\u00e9quemment, en Italie, en Angleterre et aux Etats Unis, la Caroline du Nord et [&hellip;]<\/p>\n","protected":false},"author":1,"featured_media":66,"parent":0,"menu_order":0,"comment_status":"closed","ping_status":"closed","template":"","meta":{"_themeisle_gutenberg_block_has_review":false,"footnotes":""},"class_list":["post-45","page","type-page","status-publish","has-post-thumbnail","hentry"],"_links":{"self":[{"href":"https:\/\/oberst.fr\/index.php?rest_route=\/wp\/v2\/pages\/45","targetHints":{"allow":["GET"]}}],"collection":[{"href":"https:\/\/oberst.fr\/index.php?rest_route=\/wp\/v2\/pages"}],"about":[{"href":"https:\/\/oberst.fr\/index.php?rest_route=\/wp\/v2\/types\/page"}],"author":[{"embeddable":true,"href":"https:\/\/oberst.fr\/index.php?rest_route=\/wp\/v2\/users\/1"}],"replies":[{"embeddable":true,"href":"https:\/\/oberst.fr\/index.php?rest_route=%2Fwp%2Fv2%2Fcomments&post=45"}],"version-history":[{"count":4,"href":"https:\/\/oberst.fr\/index.php?rest_route=\/wp\/v2\/pages\/45\/revisions"}],"predecessor-version":[{"id":61,"href":"https:\/\/oberst.fr\/index.php?rest_route=\/wp\/v2\/pages\/45\/revisions\/61"}],"wp:featuredmedia":[{"embeddable":true,"href":"https:\/\/oberst.fr\/index.php?rest_route=\/wp\/v2\/media\/66"}],"wp:attachment":[{"href":"https:\/\/oberst.fr\/index.php?rest_route=%2Fwp%2Fv2%2Fmedia&parent=45"}],"curies":[{"name":"wp","href":"https:\/\/api.w.org\/{rel}","templated":true}]}}