{"id":78,"date":"2024-10-18T20:05:35","date_gmt":"2024-10-18T20:05:35","guid":{"rendered":"https:\/\/oberst.fr\/?page_id=78"},"modified":"2026-03-09T20:18:29","modified_gmt":"2026-03-09T20:18:29","slug":"les-maquettes-modernes","status":"publish","type":"page","link":"https:\/\/oberst.fr\/?page_id=78","title":{"rendered":"Les maquettes modernes"},"content":{"rendered":"\n<p>Dans cette page je vous partage les articles en relation avec l&rsquo;\u00e9poque moderne.<\/p>\n\n\n\n<p>Mon objectif est de former un groupe de soldat par pays, constitu\u00e9 au minimum de<\/p>\n\n\n\n<ul class=\"wp-block-list\">\n<li>Un chars<\/li>\n\n\n\n<li>Un v\u00e9hicule blinde de transport<\/li>\n\n\n\n<li>Un h\u00e9licopt\u00e8re<\/li>\n\n\n\n<li>Des soldats<\/li>\n<\/ul>\n\n\n\n<h2 class=\"wp-block-heading\">Les maquettes Fran\u00e7aises<\/h2>\n\n\n\n<h3 class=\"wp-block-heading\">Les chars<\/h3>\n\n\n\n<ul class=\"wp-block-list\">\n<li>Leclerc<\/li>\n\n\n\n<li>VAB (x4) [<a href=\"https:\/\/oberst.fr\/?p=188\" data-type=\"link\" data-id=\"https:\/\/oberst.fr\/?p=188\">ici<\/a>]<\/li>\n\n\n\n<li>AMX10RC<\/li>\n\n\n\n<li>VBL (x3)<\/li>\n<\/ul>\n\n\n\n<h3 class=\"wp-block-heading\">Les avions<\/h3>\n\n\n\n<ul class=\"wp-block-list\">\n<li>Mirage 2000 [<a href=\"https:\/\/oberst.fr\/?p=221\" data-type=\"link\" data-id=\"https:\/\/oberst.fr\/?p=221\">ici<\/a>]<\/li>\n\n\n\n<li>Rafale M [<a href=\"https:\/\/oberst.fr\/?p=215\" data-type=\"link\" data-id=\"https:\/\/oberst.fr\/?p=215\">ici<\/a>]<\/li>\n<\/ul>\n\n\n\n<h3 class=\"wp-block-heading\">Les H\u00e9licopt\u00e8res<\/h3>\n\n\n\n<ul class=\"wp-block-list\">\n<li>NH90 NFH [<a href=\"https:\/\/oberst.fr\/?p=193\" data-type=\"link\" data-id=\"https:\/\/oberst.fr\/?p=193\">ici<\/a>]<\/li>\n<\/ul>\n\n\n\n<h2 class=\"wp-block-heading\">Les maquettes Am\u00e9ricaines<\/h2>\n\n\n\n<h3 class=\"wp-block-heading\">Les chars<\/h3>\n\n\n\n<ul class=\"wp-block-list\">\n<li>Abrams [<a href=\"https:\/\/oberst.fr\/?p=130\" data-type=\"link\" data-id=\"https:\/\/oberst.fr\/?p=130\">ici]<\/a><\/li>\n\n\n\n<li>LAV AT [<a href=\"https:\/\/oberst.fr\/?p=166\">ici<\/a>]<\/li>\n\n\n\n<li>LAV C2 [<a href=\"https:\/\/oberst.fr\/?p=162\" data-type=\"link\" data-id=\"https:\/\/oberst.fr\/?p=162\">ici<\/a>]<\/li>\n\n\n\n<li>Striker (x2)<\/li>\n\n\n\n<li>MIM-104 Patriot PAC 3 &#8211; Module de Lancement<\/li>\n<\/ul>\n\n\n\n<h3 class=\"wp-block-heading\">Les avions<\/h3>\n\n\n\n<ul class=\"wp-block-list\">\n<li>F14 Tomcat<\/li>\n\n\n\n<li>F22 Raptor [<a href=\"https:\/\/oberst.fr\/?p=181\" data-type=\"link\" data-id=\"https:\/\/oberst.fr\/?p=181\">ici<\/a>]<\/li>\n\n\n\n<li>AWAC<\/li>\n\n\n\n<li>F\/A 18F Super Hornet<\/li>\n<\/ul>\n\n\n\n<h3 class=\"wp-block-heading\">Les h\u00e9licopt\u00e8res <\/h3>\n\n\n\n<ul class=\"wp-block-list\">\n<li>UH-60 Blackhawk<\/li>\n<\/ul>\n\n\n\n<h2 class=\"wp-block-heading\">Les maquettes Anglais<\/h2>\n\n\n\n<h3 class=\"wp-block-heading\">Les chars<\/h3>\n\n\n\n<ul class=\"wp-block-list\">\n<li>Challenger I [<a href=\"https:\/\/oberst.fr\/?p=144\" data-type=\"link\" data-id=\"https:\/\/oberst.fr\/?p=144\">ici<\/a>]<\/li>\n\n\n\n<li>M2A0 Bradly<\/li>\n<\/ul>\n\n\n\n<h2 class=\"wp-block-heading\">Les maquettes Allemandes<\/h2>\n\n\n\n<h3 class=\"wp-block-heading\">Les chars<\/h3>\n\n\n\n<ul class=\"wp-block-list\">\n<li>L\u00e9opard 2A5 [<a href=\"https:\/\/oberst.fr\/?p=151\">ici<\/a>]<\/li>\n\n\n\n<li>PanzerHaubitze 2000 [<a href=\"https:\/\/oberst.fr\/?p=155\">ici<\/a>]<\/li>\n<\/ul>\n\n\n\n<h3 class=\"wp-block-heading\">Les h\u00e9licopt\u00e8res<\/h3>\n\n\n\n<ul class=\"wp-block-list\">\n<li>AW101 [<a href=\"https:\/\/oberst.fr\/?p=197\">ici<\/a>]<\/li>\n<\/ul>\n\n\n\n<h2 class=\"wp-block-heading\">Les maquettes Russes<\/h2>\n\n\n\n<h3 class=\"wp-block-heading\">Les chars<\/h3>\n\n\n\n<ul class=\"wp-block-list\">\n<li>T14 Armata<\/li>\n\n\n\n<li>T80U M2 [<a href=\"https:\/\/oberst.fr\/?p=148\">ici<\/a>]<\/li>\n\n\n\n<li>T90 [<a href=\"https:\/\/oberst.fr\/?p=137\">ici<\/a>]<\/li>\n\n\n\n<li>Syst\u00e8me de tir 5P85-1 (AA S300)<\/li>\n\n\n\n<li>SS25 Topol Sickle [<a href=\"https:\/\/oberst.fr\/?p=201\">ici<\/a>]<\/li>\n<\/ul>\n\n\n\n<h3 class=\"wp-block-heading\">Les avions<\/h3>\n\n\n\n<ul class=\"wp-block-list\">\n<li>Mig 29 Fulcrum x2<\/li>\n<\/ul>\n\n\n\n<h3 class=\"wp-block-heading\">Les h\u00e9licopt\u00e8res<\/h3>\n\n\n\n<ul class=\"wp-block-list\">\n<li>Mi29 Hind<\/li>\n<\/ul>\n\n\n\n<p><\/p>\n","protected":false},"excerpt":{"rendered":"<p>Dans cette page je vous partage les articles en relation avec l&rsquo;\u00e9poque moderne. Mon objectif est de former un groupe de soldat par pays, constitu\u00e9 au minimum de Les maquettes Fran\u00e7aises Les chars Les avions Les H\u00e9licopt\u00e8res Les maquettes Am\u00e9ricaines Les chars Les avions Les h\u00e9licopt\u00e8res Les maquettes Anglais Les [&hellip;]<\/p>\n","protected":false},"author":1,"featured_media":98,"parent":0,"menu_order":0,"comment_status":"closed","ping_status":"closed","template":"","meta":{"_themeisle_gutenberg_block_has_review":false,"footnotes":""},"class_list":["post-78","page","type-page","status-publish","has-post-thumbnail","hentry"],"_links":{"self":[{"href":"https:\/\/oberst.fr\/index.php?rest_route=\/wp\/v2\/pages\/78","targetHints":{"allow":["GET"]}}],"collection":[{"href":"https:\/\/oberst.fr\/index.php?rest_route=\/wp\/v2\/pages"}],"about":[{"href":"https:\/\/oberst.fr\/index.php?rest_route=\/wp\/v2\/types\/page"}],"author":[{"embeddable":true,"href":"https:\/\/oberst.fr\/index.php?rest_route=\/wp\/v2\/users\/1"}],"replies":[{"embeddable":true,"href":"https:\/\/oberst.fr\/index.php?rest_route=%2Fwp%2Fv2%2Fcomments&post=78"}],"version-history":[{"count":33,"href":"https:\/\/oberst.fr\/index.php?rest_route=\/wp\/v2\/pages\/78\/revisions"}],"predecessor-version":[{"id":224,"href":"https:\/\/oberst.fr\/index.php?rest_route=\/wp\/v2\/pages\/78\/revisions\/224"}],"wp:featuredmedia":[{"embeddable":true,"href":"https:\/\/oberst.fr\/index.php?rest_route=\/wp\/v2\/media\/98"}],"wp:attachment":[{"href":"https:\/\/oberst.fr\/index.php?rest_route=%2Fwp%2Fv2%2Fmedia&parent=78"}],"curies":[{"name":"wp","href":"https:\/\/api.w.org\/{rel}","templated":true}]}}