{"id":88,"date":"2024-10-18T20:32:02","date_gmt":"2024-10-18T20:32:02","guid":{"rendered":"https:\/\/oberst.fr\/?page_id=88"},"modified":"2024-10-18T20:40:30","modified_gmt":"2024-10-18T20:40:30","slug":"les-warhammer","status":"publish","type":"page","link":"https:\/\/oberst.fr\/?page_id=88","title":{"rendered":"Les Warhammer"},"content":{"rendered":"\n<p>Dans cette page je vous partage les articles en relation avec les Warhammer.<\/p>\n\n\n\n<p>Vous trouverez des soldats des nations suivantes<\/p>\n\n\n\n<ul class=\"wp-block-list\">\n<li>Gondor<\/li>\n\n\n\n<li>Rohan<\/li>\n\n\n\n<li>Numenor<\/li>\n\n\n\n<li>Elfes<\/li>\n<\/ul>\n\n\n\n<p>Et dans les groupes du mal<\/p>\n\n\n\n<ul class=\"wp-block-list\">\n<li>Gobelin<\/li>\n\n\n\n<li>Harad<\/li>\n\n\n\n<li>Mordor<\/li>\n<\/ul>\n\n\n\n<h2 class=\"wp-block-heading\">Les articles<\/h2>\n\n\n\n<div class=\"wp-block-query is-layout-flow wp-block-query-is-layout-flow\"><ul class=\"wp-block-post-template is-layout-flow wp-block-post-template-is-layout-flow\"><li class=\"wp-block-post post-221 post type-post status-publish format-standard hentry category-uncategorized\">\n<h2 class=\"wp-block-post-title\"><a href=\"https:\/\/oberst.fr\/?p=221\" target=\"_self\" >Mirage 2000C<\/a><\/h2>\n\n\n\n<div class=\"wp-block-post-excerpt\"><p class=\"wp-block-post-excerpt__excerpt\">Mod\u00e8le de la maquette Mirage 2000C Constructeur Italerie Echelle 1\/72 Niveau de complexit\u00e9 3\/5 Temps de travail 5h00 Peintures Humbrol Mat 64, Mat 67, mat 96 Taille Finale 230&#215;130 Date de r\u00e9alisation mars 2024 Commentaire sur la maquette Chasseur Fran\u00e7ais encore en service \u00e0 ce jour. C&rsquo;est le camarade de [&hellip;] <\/p><\/div>\n\n\n<hr class=\"wp-block-separator has-css-opacity\"\/>\n\n\n<div class=\"wp-block-post-date\"><time datetime=\"2026-03-09T20:18:07+00:00\">mars 9, 2026<\/time><\/div>\n<\/li><li class=\"wp-block-post post-215 post type-post status-publish format-standard hentry category-uncategorized\">\n<h2 class=\"wp-block-post-title\"><a href=\"https:\/\/oberst.fr\/?p=215\" target=\"_self\" >Rafale Marine<\/a><\/h2>\n\n\n\n<div class=\"wp-block-post-excerpt\"><p class=\"wp-block-post-excerpt__excerpt\">Mod\u00e8le de la maquette Rafale M Opex 2011 Constructeur Italerie Echelle 1\/72 Niveau de complexit\u00e9 3\/5 Temps de travail 7h00 Peintures Humbrol Mat 64 Taille Finale 22*15 cm Date de r\u00e9alisation Avril 2024 Commentaire sur la maquette Avion de chasse multi r\u00f4le, le rafale est le fer de lance de [&hellip;] <\/p><\/div>\n\n\n<hr class=\"wp-block-separator has-css-opacity\"\/>\n\n\n<div class=\"wp-block-post-date\"><time datetime=\"2026-01-08T21:40:00+00:00\">janvier 8, 2026<\/time><\/div>\n<\/li><li class=\"wp-block-post post-201 post type-post status-publish format-standard hentry category-uncategorized\">\n<h2 class=\"wp-block-post-title\"><a href=\"https:\/\/oberst.fr\/?p=201\" target=\"_self\" >SS25 Sickle<\/a><\/h2>\n\n\n\n<div class=\"wp-block-post-excerpt\"><p class=\"wp-block-post-excerpt__excerpt\">Mod\u00e8le de la maquette TOPOL SS-25 Sickle Constructeur Revell Echelle 1\/72 Niveau de complexit\u00e9 4\/5 Temps de travail 7h00 Peintures Humbrol Taille Finale Date de r\u00e9alisation Commentaire sur la maquette Cette maquette fait partie des maquettes achet\u00e9es pour le d\u00e9fi. V\u00e9rifier mon niveau sur des mod\u00e8les challengeant, de tr\u00e8s gros [&hellip;] <\/p><\/div>\n\n\n<hr class=\"wp-block-separator has-css-opacity\"\/>\n\n\n<div class=\"wp-block-post-date\"><time datetime=\"2025-07-07T20:32:17+00:00\">juillet 7, 2025<\/time><\/div>\n<\/li><\/ul><\/div>\n\n\n\n<p><\/p>\n","protected":false},"excerpt":{"rendered":"<p>Dans cette page je vous partage les articles en relation avec les Warhammer. Vous trouverez des soldats des nations suivantes Et dans les groupes du mal Les articles<\/p>\n","protected":false},"author":1,"featured_media":63,"parent":0,"menu_order":0,"comment_status":"closed","ping_status":"closed","template":"","meta":{"_themeisle_gutenberg_block_has_review":false,"footnotes":""},"class_list":["post-88","page","type-page","status-publish","has-post-thumbnail","hentry"],"_links":{"self":[{"href":"https:\/\/oberst.fr\/index.php?rest_route=\/wp\/v2\/pages\/88","targetHints":{"allow":["GET"]}}],"collection":[{"href":"https:\/\/oberst.fr\/index.php?rest_route=\/wp\/v2\/pages"}],"about":[{"href":"https:\/\/oberst.fr\/index.php?rest_route=\/wp\/v2\/types\/page"}],"author":[{"embeddable":true,"href":"https:\/\/oberst.fr\/index.php?rest_route=\/wp\/v2\/users\/1"}],"replies":[{"embeddable":true,"href":"https:\/\/oberst.fr\/index.php?rest_route=%2Fwp%2Fv2%2Fcomments&post=88"}],"version-history":[{"count":3,"href":"https:\/\/oberst.fr\/index.php?rest_route=\/wp\/v2\/pages\/88\/revisions"}],"predecessor-version":[{"id":96,"href":"https:\/\/oberst.fr\/index.php?rest_route=\/wp\/v2\/pages\/88\/revisions\/96"}],"wp:featuredmedia":[{"embeddable":true,"href":"https:\/\/oberst.fr\/index.php?rest_route=\/wp\/v2\/media\/63"}],"wp:attachment":[{"href":"https:\/\/oberst.fr\/index.php?rest_route=%2Fwp%2Fv2%2Fmedia&parent=88"}],"curies":[{"name":"wp","href":"https:\/\/api.w.org\/{rel}","templated":true}]}}